{"id":537,"date":"2016-02-02T18:09:23","date_gmt":"2016-02-02T17:09:23","guid":{"rendered":"http:\/\/www.lapestaque.com\/?page_id=537"},"modified":"2023-06-29T11:40:07","modified_gmt":"2023-06-29T09:40:07","slug":"kontakt-2","status":"publish","type":"page","link":"https:\/\/www.lapestaque.com\/fr\/kontakt-2\/","title":{"rendered":"Contact"},"content":{"rendered":"\n<p>Georges Vidal<br>La Pestaque<br>Oberstr. 8<br>D-52349 D\u00fcren<\/p>\n\n\n\n<p>Tel +49(0) 172 747 2504<br><a href=\"mailto:info@lapestaque.com\">info@lapestaque.com<\/a><\/p>\n\n\n\n<p>Vente en gros et au d\u00e9tail de produits alimentaires fran\u00e7ais.<\/p>\n\n\n\n<p>Vente en gros et au d\u00e9tail de vins et de Champagnes.<\/p>\n\n\n\n<p>UST-Ident.Nr : DE 244 111 758<br>Steuer-Nr. : 132\/5338\/2459<br>IdNr. 42 693 702 181<\/p>\n","protected":false},"excerpt":{"rendered":"<p>Georges VidalLa PestaqueOberstr. 8D-52349 D\u00fcren Tel +49(0) 172 747 2504info@lapestaque.com Vente en gros et au d\u00e9tail de produits alimentaires fran\u00e7ais. Vente en gros et au d\u00e9tail de vins et de Champagnes. UST-Ident.Nr : DE 244 111 758Steuer-Nr. : 132\/5338\/2459IdNr. 42 693 702 181<\/p>\n","protected":false},"author":5,"featured_media":0,"parent":0,"menu_order":0,"comment_status":"closed","ping_status":"closed","template":"","meta":{"footnotes":""},"class_list":["post-537","page","type-page","status-publish","hentry"],"translation":{"provider":"WPGlobus","version":"3.0.2","language":"fr","enabled_languages":["de","fr"],"languages":{"de":{"title":true,"content":true,"excerpt":false},"fr":{"title":true,"content":true,"excerpt":false}}},"acf":[],"_links":{"self":[{"href":"https:\/\/www.lapestaque.com\/fr\/wp-json\/wp\/v2\/pages\/537","targetHints":{"allow":["GET"]}}],"collection":[{"href":"https:\/\/www.lapestaque.com\/fr\/wp-json\/wp\/v2\/pages"}],"about":[{"href":"https:\/\/www.lapestaque.com\/fr\/wp-json\/wp\/v2\/types\/page"}],"author":[{"embeddable":true,"href":"https:\/\/www.lapestaque.com\/fr\/wp-json\/wp\/v2\/users\/5"}],"replies":[{"embeddable":true,"href":"https:\/\/www.lapestaque.com\/fr\/wp-json\/wp\/v2\/comments?post=537"}],"version-history":[{"count":12,"href":"https:\/\/www.lapestaque.com\/fr\/wp-json\/wp\/v2\/pages\/537\/revisions"}],"predecessor-version":[{"id":2100,"href":"https:\/\/www.lapestaque.com\/fr\/wp-json\/wp\/v2\/pages\/537\/revisions\/2100"}],"wp:attachment":[{"href":"https:\/\/www.lapestaque.com\/fr\/wp-json\/wp\/v2\/media?parent=537"}],"curies":[{"name":"wp","href":"https:\/\/api.w.org\/{rel}","templated":true}]}}