{"id":429,"date":"2016-02-01T17:33:54","date_gmt":"2016-02-01T16:33:54","guid":{"rendered":"http:\/\/www.lapestaque.com\/?page_id=429"},"modified":"2023-06-02T12:05:37","modified_gmt":"2023-06-02T10:05:37","slug":"veranstaltungen","status":"publish","type":"page","link":"https:\/\/www.lapestaque.com\/fr\/veranstaltungen\/","title":{"rendered":"Manifestations"},"content":{"rendered":"\n<p>Retrouvons-nous en 2023 lors de ces \u00e9v\u00e8nements : <\/p>\n\n\n\n<div style=\"height:30px\" aria-hidden=\"true\" class=\"wp-block-spacer\"><\/div>\n\n\n\n<div class=\"wp-block-group is-vertical is-content-justification-center is-layout-flex wp-container-core-group-is-layout-48c2c4f0 wp-block-group-is-layout-flex\">\n<p class=\"has-text-align-left has-medium-font-size\"><strong>March\u00e9 gourmet de D\u00fcren : 14 Juin, 12 Juillet, 9 Ao\u00fbt, 13 Septembre, 11 Octobre<\/strong><\/p>\n\n\n\n<figure class=\"wp-block-embed is-type-wp-embed is-provider-cityma-e-v-duren wp-block-embed-cityma-e-v-duren\"><div class=\"wp-block-embed__wrapper\">\n<blockquote class=\"wp-embedded-content\" data-secret=\"EhPDqI7CZj\"><a href=\"https:\/\/www.einkaufsstadt-dueren.de\/schlemmermarkt-dueren\/\">Schlemmermarkt D\u00fcren<\/a><\/blockquote><iframe loading=\"lazy\" class=\"wp-embedded-content\" sandbox=\"allow-scripts\" security=\"restricted\" style=\"position: absolute; clip: rect(1px, 1px, 1px, 1px);\" title=\"&#8222;Schlemmermarkt D\u00fcren&#8220; &#8212; CityMa e.V. D\u00fcren\" src=\"https:\/\/www.einkaufsstadt-dueren.de\/schlemmermarkt-dueren\/embed\/#?secret=EhPDqI7CZj\" data-secret=\"EhPDqI7CZj\" width=\"600\" height=\"338\" frameborder=\"0\" marginwidth=\"0\" marginheight=\"0\" scrolling=\"no\"><\/iframe>\n<\/div><\/figure>\n<\/div>\n\n\n\n<div style=\"height:63px\" aria-hidden=\"true\" class=\"wp-block-spacer\"><\/div>\n\n\n\n<p class=\"has-text-align-center has-medium-font-size\"><strong>Grande F\u00eate Fran\u00e7aise de D\u00fcsseldorf : du 30 juin au 2 juillet<\/strong><\/p>\n\n\n\n<p class=\"has-text-align-center\"><a href=\"https:\/\/www.duesseldorfer-frankreich-fest.de\/index_fz.html\" target=\"_blank\" rel=\"noreferrer noopener\">https:\/\/www.duesseldorfer-frankreich-fest.de\/index_fz.html<\/a><\/p>\n\n\n<div class=\"wp-block-image\">\n<figure class=\"aligncenter size-large is-resized\"><a href=\"https:\/\/www.lapestaque.com\/wp-content\/uploads\/2023\/06\/visual.jpg\"><img loading=\"lazy\" decoding=\"async\" src=\"https:\/\/www.lapestaque.com\/wp-content\/uploads\/2023\/06\/visual-1024x683.jpg\" alt=\"\" class=\"wp-image-1963\" width=\"590\" height=\"393\" srcset=\"https:\/\/www.lapestaque.com\/wp-content\/uploads\/2023\/06\/visual-1024x683.jpg 1024w, https:\/\/www.lapestaque.com\/wp-content\/uploads\/2023\/06\/visual-300x200.jpg 300w, https:\/\/www.lapestaque.com\/wp-content\/uploads\/2023\/06\/visual-768x512.jpg 768w, https:\/\/www.lapestaque.com\/wp-content\/uploads\/2023\/06\/visual-1536x1024.jpg 1536w, https:\/\/www.lapestaque.com\/wp-content\/uploads\/2023\/06\/visual-2048x1365.jpg 2048w, https:\/\/www.lapestaque.com\/wp-content\/uploads\/2023\/06\/visual-1140x760.jpg 1140w\" sizes=\"auto, (max-width: 590px) 100vw, 590px\" \/><\/a><\/figure>\n<\/div>\n\n\n<div style=\"height:146px\" aria-hidden=\"true\" class=\"wp-block-spacer\"><\/div>\n\n\n\n<p>Quelques photos de nos pr\u00e9c\u00e9dentes participations :<\/p>\n\n\n\n<figure class=\"wp-block-gallery has-nested-images columns-3 is-cropped wp-block-gallery-1 is-layout-flex wp-block-gallery-is-layout-flex\">\n<figure class=\"wp-block-image size-large\"><a href=\"https:\/\/www.lapestaque.com\/wp-content\/uploads\/2018\/04\/Team-La-Pestaque.jpg\"><img loading=\"lazy\" decoding=\"async\" width=\"850\" height=\"566\" data-id=\"1063\" src=\"https:\/\/www.lapestaque.com\/wp-content\/uploads\/2018\/04\/Team-La-Pestaque.jpg\" alt=\"Team La Pestaque\" class=\"wp-image-1063\" srcset=\"https:\/\/www.lapestaque.com\/wp-content\/uploads\/2018\/04\/Team-La-Pestaque.jpg 850w, https:\/\/www.lapestaque.com\/wp-content\/uploads\/2018\/04\/Team-La-Pestaque-300x200.jpg 300w, https:\/\/www.lapestaque.com\/wp-content\/uploads\/2018\/04\/Team-La-Pestaque-768x511.jpg 768w, https:\/\/www.lapestaque.com\/wp-content\/uploads\/2018\/04\/Team-La-Pestaque-700x466.jpg 700w, https:\/\/www.lapestaque.com\/wp-content\/uploads\/2018\/04\/Team-La-Pestaque-601x400.jpg 601w, https:\/\/www.lapestaque.com\/wp-content\/uploads\/2018\/04\/Team-La-Pestaque-272x182.jpg 272w\" sizes=\"auto, (max-width: 850px) 100vw, 850px\" \/><\/a><figcaption class=\"wp-element-caption\">Das Team von La Pestaque<\/figcaption><\/figure>\n\n\n\n<figure class=\"wp-block-image size-large\"><a href=\"https:\/\/www.lapestaque.com\/wp-content\/uploads\/2016\/02\/Leichlingen-2015.jpg\"><img loading=\"lazy\" decoding=\"async\" width=\"400\" height=\"267\" data-id=\"521\" src=\"https:\/\/www.lapestaque.com\/wp-content\/uploads\/2016\/02\/Leichlingen-2015.jpg\" alt=\"La Pestaque\" class=\"wp-image-521\" srcset=\"https:\/\/www.lapestaque.com\/wp-content\/uploads\/2016\/02\/Leichlingen-2015.jpg 400w, https:\/\/www.lapestaque.com\/wp-content\/uploads\/2016\/02\/Leichlingen-2015-300x200.jpg 300w\" sizes=\"auto, (max-width: 400px) 100vw, 400px\" \/><\/a><figcaption class=\"wp-element-caption\">La Pestaque in Leichlingen<\/figcaption><\/figure>\n\n\n\n<figure class=\"wp-block-image size-large\"><a href=\"https:\/\/www.lapestaque.com\/wp-content\/uploads\/2017\/07\/Georges-Merguez-1.jpg\"><img loading=\"lazy\" decoding=\"async\" width=\"666\" height=\"1000\" data-id=\"956\" src=\"https:\/\/www.lapestaque.com\/wp-content\/uploads\/2017\/07\/Georges-Merguez-1.jpg\" alt=\"Merguez - Bon App\u00e9tit - Georges Vidal - La Pestaque\" class=\"wp-image-956\" srcset=\"https:\/\/www.lapestaque.com\/wp-content\/uploads\/2017\/07\/Georges-Merguez-1.jpg 666w, https:\/\/www.lapestaque.com\/wp-content\/uploads\/2017\/07\/Georges-Merguez-1-200x300.jpg 200w\" sizes=\"auto, (max-width: 666px) 100vw, 666px\" \/><\/a><figcaption class=\"wp-element-caption\">Bon App\u00e9tit! Ihr Georges Vidal<\/figcaption><\/figure>\n\n\n\n<figure class=\"wp-block-image size-large\"><a href=\"https:\/\/www.lapestaque.com\/wp-content\/uploads\/2016\/04\/Weinfest-Neuss.jpg\"><img loading=\"lazy\" decoding=\"async\" width=\"1000\" height=\"666\" data-id=\"719\" src=\"https:\/\/www.lapestaque.com\/wp-content\/uploads\/2016\/04\/Weinfest-Neuss.jpg\" alt=\"Weinfest Neuss 2016\" class=\"wp-image-719\" srcset=\"https:\/\/www.lapestaque.com\/wp-content\/uploads\/2016\/04\/Weinfest-Neuss.jpg 1000w, https:\/\/www.lapestaque.com\/wp-content\/uploads\/2016\/04\/Weinfest-Neuss-300x200.jpg 300w, https:\/\/www.lapestaque.com\/wp-content\/uploads\/2016\/04\/Weinfest-Neuss-768x511.jpg 768w\" sizes=\"auto, (max-width: 1000px) 100vw, 1000px\" \/><\/a><figcaption class=\"wp-element-caption\">Weinfest Neuss 2016<\/figcaption><\/figure>\n\n\n\n<figure class=\"wp-block-image size-large\"><a href=\"https:\/\/www.lapestaque.com\/wp-content\/uploads\/2016\/02\/Georges-Vidal-La-Pestaque_.jpg\"><img loading=\"lazy\" decoding=\"async\" width=\"315\" height=\"450\" data-id=\"509\" src=\"https:\/\/www.lapestaque.com\/wp-content\/uploads\/2016\/02\/Georges-Vidal-La-Pestaque_.jpg\" alt=\"Georges Vidal - La Pestaque franz\u00f6sische Weine\" class=\"wp-image-509\" srcset=\"https:\/\/www.lapestaque.com\/wp-content\/uploads\/2016\/02\/Georges-Vidal-La-Pestaque_.jpg 315w, https:\/\/www.lapestaque.com\/wp-content\/uploads\/2016\/02\/Georges-Vidal-La-Pestaque_-210x300.jpg 210w\" sizes=\"auto, (max-width: 315px) 100vw, 315px\" \/><\/a><figcaption class=\"wp-element-caption\">\u00c0 votre sant\u00e9 &#8211; franz\u00f6sische Weine bei La Pestaque<\/figcaption><\/figure>\n\n\n\n<figure class=\"wp-block-image size-large\"><a href=\"https:\/\/www.lapestaque.com\/wp-content\/uploads\/2016\/02\/D\u00fcsseldorf-2015.jpg\"><img loading=\"lazy\" decoding=\"async\" width=\"450\" height=\"301\" data-id=\"518\" src=\"https:\/\/www.lapestaque.com\/wp-content\/uploads\/2016\/02\/D\u00fcsseldorf-2015.jpg\" alt=\"Frankreichfest D\u00fcsseldorf 2015 und La Pestaque\" class=\"wp-image-518\" srcset=\"https:\/\/www.lapestaque.com\/wp-content\/uploads\/2016\/02\/D\u00fcsseldorf-2015.jpg 450w, https:\/\/www.lapestaque.com\/wp-content\/uploads\/2016\/02\/D\u00fcsseldorf-2015-300x201.jpg 300w\" sizes=\"auto, (max-width: 450px) 100vw, 450px\" \/><\/a><figcaption class=\"wp-element-caption\">La Pestaque auf dem D\u00fcsseldorfer Frankreichfest 2015<\/figcaption><\/figure>\n<\/figure>\n","protected":false},"excerpt":{"rendered":"<p>Retrouvons-nous en 2023 lors de ces \u00e9v\u00e8nements : March\u00e9 gourmet de D\u00fcren : 14 Juin, 12 Juillet, 9 Ao\u00fbt, 13 Septembre, 11 Octobre Grande F\u00eate Fran\u00e7aise de D\u00fcsseldorf : du 30 juin au 2 juillet https:\/\/www.duesseldorfer-frankreich-fest.de\/index_fz.html Quelques photos de nos pr\u00e9c\u00e9dentes participations :<\/p>\n","protected":false},"author":5,"featured_media":0,"parent":0,"menu_order":0,"comment_status":"closed","ping_status":"closed","template":"","meta":{"footnotes":""},"class_list":["post-429","page","type-page","status-publish","hentry"],"translation":{"provider":"WPGlobus","version":"3.0.2","language":"fr","enabled_languages":["de","fr"],"languages":{"de":{"title":true,"content":true,"excerpt":false},"fr":{"title":true,"content":true,"excerpt":false}}},"acf":[],"_links":{"self":[{"href":"https:\/\/www.lapestaque.com\/fr\/wp-json\/wp\/v2\/pages\/429","targetHints":{"allow":["GET"]}}],"collection":[{"href":"https:\/\/www.lapestaque.com\/fr\/wp-json\/wp\/v2\/pages"}],"about":[{"href":"https:\/\/www.lapestaque.com\/fr\/wp-json\/wp\/v2\/types\/page"}],"author":[{"embeddable":true,"href":"https:\/\/www.lapestaque.com\/fr\/wp-json\/wp\/v2\/users\/5"}],"replies":[{"embeddable":true,"href":"https:\/\/www.lapestaque.com\/fr\/wp-json\/wp\/v2\/comments?post=429"}],"version-history":[{"count":48,"href":"https:\/\/www.lapestaque.com\/fr\/wp-json\/wp\/v2\/pages\/429\/revisions"}],"predecessor-version":[{"id":1979,"href":"https:\/\/www.lapestaque.com\/fr\/wp-json\/wp\/v2\/pages\/429\/revisions\/1979"}],"wp:attachment":[{"href":"https:\/\/www.lapestaque.com\/fr\/wp-json\/wp\/v2\/media?parent=429"}],"curies":[{"name":"wp","href":"https:\/\/api.w.org\/{rel}","templated":true}]}}