{"id":395,"date":"2016-02-01T16:38:52","date_gmt":"2016-02-01T15:38:52","guid":{"rendered":"http:\/\/www.lapestaque.com\/?page_id=395"},"modified":"2023-06-27T14:39:38","modified_gmt":"2023-06-27T12:39:38","slug":"la-pestaque","status":"publish","type":"page","link":"https:\/\/www.lapestaque.com\/fr\/la-pestaque\/","title":{"rendered":"La Pestaque, notre histoire"},"content":{"rendered":"\n<p>La Pestaque est un nom invent\u00e9 pour incarner l\u2019art et la joie de vivre \u00e0 la Fran\u00e7aise.<\/p>\n\n\n\n<p>Georges Vidal est originaire de Lyon et vit depuis de nombreuses ann\u00e9es en Allemagne. Il a cr\u00e9\u00e9 La Pestaque dans le but de faire conna\u00eetre son pays et partager ses valeurs, notamment <a href=\"https:\/\/www.lapestaque.com\/la-pestaque-produkte\/\" data-type=\"page\" data-id=\"411\">la cuisine et les produits du terroir.<\/a><\/p>\n\n\n\n<p>A l&rsquo;origine, La Pestaque s&rsquo;est fait connaitre sur de <a href=\"https:\/\/www.lapestaque.com\/veranstaltungen\/\" data-type=\"page\" data-id=\"429\">nombreux march\u00e9s et manifestations<\/a> dans toute l\u2019Allemagne en proposant des sp\u00e9cialit\u00e9s fran\u00e7aises : vins, champagnes, poissons grill\u00e9s, hu\u00eetres et merguez. La Pestaque est aussi, depuis des ann\u00e9es, l\u2019organisatrice de nombreux march\u00e9s fran\u00e7ais, manifestations appr\u00e9ci\u00e9es, qui apportent l\u2019art de vivre Fran\u00e7ais aux Allemands.<\/p>\n\n\n\n<p>D\u00e9sormais, vous pouvez \u00e9galement retrouver La Pestaque dans <a href=\"https:\/\/www.lapestaque.com\/eroeffnung-des-geschaefts-in-dueren\/\" data-type=\"post\" data-id=\"1753\">notre magasin de D\u00fcren<\/a>.<\/p>\n","protected":false},"excerpt":{"rendered":"<p>La Pestaque est un nom invent\u00e9 pour incarner l\u2019art et la joie de vivre \u00e0 la Fran\u00e7aise. Georges Vidal est originaire de Lyon et vit depuis de nombreuses ann\u00e9es en Allemagne. Il a cr\u00e9\u00e9 La Pestaque dans le but de faire conna\u00eetre son pays et partager ses valeurs, notamment la cuisine et les produits du terroir. A l&rsquo;origine, La Pestaque s&rsquo;est fait connaitre sur de nombreux march\u00e9s et manifestations dans toute l\u2019Allemagne en proposant des sp\u00e9cialit\u00e9s fran\u00e7aises : vins, champagnes, poissons grill\u00e9s, hu\u00eetres et merguez. La Pestaque est aussi, depuis des ann\u00e9es, l\u2019organisatrice de nombreux march\u00e9s fran\u00e7ais, manifestations appr\u00e9ci\u00e9es, qui apportent l\u2019art de vivre Fran\u00e7ais aux Allemands. D\u00e9sormais, vous pouvez \u00e9galement retrouver La Pestaque dans notre magasin de D\u00fcren.<\/p>\n","protected":false},"author":5,"featured_media":0,"parent":0,"menu_order":0,"comment_status":"closed","ping_status":"closed","template":"","meta":{"footnotes":""},"class_list":["post-395","page","type-page","status-publish","hentry"],"translation":{"provider":"WPGlobus","version":"3.0.2","language":"fr","enabled_languages":["de","fr"],"languages":{"de":{"title":true,"content":true,"excerpt":false},"fr":{"title":true,"content":true,"excerpt":false}}},"acf":[],"_links":{"self":[{"href":"https:\/\/www.lapestaque.com\/fr\/wp-json\/wp\/v2\/pages\/395","targetHints":{"allow":["GET"]}}],"collection":[{"href":"https:\/\/www.lapestaque.com\/fr\/wp-json\/wp\/v2\/pages"}],"about":[{"href":"https:\/\/www.lapestaque.com\/fr\/wp-json\/wp\/v2\/types\/page"}],"author":[{"embeddable":true,"href":"https:\/\/www.lapestaque.com\/fr\/wp-json\/wp\/v2\/users\/5"}],"replies":[{"embeddable":true,"href":"https:\/\/www.lapestaque.com\/fr\/wp-json\/wp\/v2\/comments?post=395"}],"version-history":[{"count":9,"href":"https:\/\/www.lapestaque.com\/fr\/wp-json\/wp\/v2\/pages\/395\/revisions"}],"predecessor-version":[{"id":2064,"href":"https:\/\/www.lapestaque.com\/fr\/wp-json\/wp\/v2\/pages\/395\/revisions\/2064"}],"wp:attachment":[{"href":"https:\/\/www.lapestaque.com\/fr\/wp-json\/wp\/v2\/media?parent=395"}],"curies":[{"name":"wp","href":"https:\/\/api.w.org\/{rel}","templated":true}]}}