{"id":393,"date":"2016-02-01T16:38:05","date_gmt":"2016-02-01T15:38:05","guid":{"rendered":"http:\/\/www.lapestaque.com\/?page_id=393"},"modified":"2023-06-29T11:39:17","modified_gmt":"2023-06-29T09:39:17","slug":"ueber-la-pestaque","status":"publish","type":"page","link":"https:\/\/www.lapestaque.com\/fr\/ueber-la-pestaque\/","title":{"rendered":"A propos"},"content":{"rendered":"\n<div class=\"wp-block-columns is-layout-flex wp-container-core-columns-is-layout-9d6595d7 wp-block-columns-is-layout-flex\">\n<div class=\"wp-block-column is-vertically-aligned-center is-layout-flow wp-block-column-is-layout-flow\" style=\"flex-basis:50%\">\n<figure class=\"wp-block-image size-full is-style-rounded\"><a href=\"https:\/\/www.lapestaque.com\/wp-content\/uploads\/2016\/02\/Georges-Vidal-La-Pestaque.jpg\"><img loading=\"lazy\" decoding=\"async\" width=\"450\" height=\"432\" src=\"https:\/\/www.lapestaque.com\/wp-content\/uploads\/2016\/02\/Georges-Vidal-La-Pestaque.jpg\" alt=\"La Pestaque - Georges Vidal\" class=\"wp-image-483\" srcset=\"https:\/\/www.lapestaque.com\/wp-content\/uploads\/2016\/02\/Georges-Vidal-La-Pestaque.jpg 450w, https:\/\/www.lapestaque.com\/wp-content\/uploads\/2016\/02\/Georges-Vidal-La-Pestaque-300x288.jpg 300w\" sizes=\"auto, (max-width: 450px) 100vw, 450px\" \/><\/a><\/figure>\n<\/div>\n\n\n\n<div class=\"wp-block-column is-layout-flow wp-block-column-is-layout-flow\" style=\"flex-basis:100%\">\n<p>Georges Vidal, cr\u00e9ateur de \u00ab\u00a0La Pestaque\u00a0\u00bb, incarne le savoir et la joie de vivre \u00e0 la Fran\u00e7aise. En plus de sa pr\u00e9sence sur les march\u00e9s, Georges vous accueille d\u00e9sormais dans son <a href=\"https:\/\/www.lapestaque.com\/fr\/eroeffnung-des-geschaefts-in-dueren\/\">magasin <\/a>de D\u00fcren.<\/p>\n\n\n\n<p>\u00ab\u00a0La Pestaque\u00a0\u00bb vous propose des produits du terroir fran\u00e7ais qui sauront, \u00e0 coup s\u00fbr, ravir votre palais. Chez nous, vous goutterez l\u2019incomparable en provenance de diverses r\u00e9gions de France, tels que : champagne, cr\u00e9mant, cidre, vin, hu\u00eetres, tapenade et autres, sans oublier bien sur, les merguez.<\/p>\n\n\n\n<p>\u00ab\u00a0La Pestaque\u00a0\u00bb vous propose encore plus de France sur ses march\u00e9s gourmets, encore plus de sp\u00e9cialit\u00e9s fran\u00e7aises telles que : fromage, saucisson, nougat, macaron, confiture, etc..<\/p>\n\n\n\n<p>Si vous planifiez un march\u00e9 gourmet ou \u00e0 th\u00e8me dans votre ville n\u2019h\u00e9sitez pas \u00e0 nous contacter. Notre stand&nbsp; \u00ab\u00a0La Pestaque\u00a0\u00bb et nos fameuses merguez seront un enrichissement pour votre march\u00e9 !<\/p>\n<\/div>\n<\/div>\n\n\n\n<p><\/p>\n","protected":false},"excerpt":{"rendered":"<p>Georges Vidal, cr\u00e9ateur de \u00ab\u00a0La Pestaque\u00a0\u00bb, incarne le savoir et la joie de vivre \u00e0 la Fran\u00e7aise. En plus de sa pr\u00e9sence sur les march\u00e9s, Georges vous accueille d\u00e9sormais dans son magasin de D\u00fcren. \u00ab\u00a0La Pestaque\u00a0\u00bb vous propose des produits du terroir fran\u00e7ais qui sauront, \u00e0 coup s\u00fbr, ravir votre palais. Chez nous, vous goutterez l\u2019incomparable en provenance de diverses r\u00e9gions de France, tels que : champagne, cr\u00e9mant, cidre, vin, hu\u00eetres, tapenade et autres, sans oublier bien sur, les merguez. \u00ab\u00a0La Pestaque\u00a0\u00bb vous propose encore plus de France sur ses march\u00e9s gourmets, encore plus de sp\u00e9cialit\u00e9s fran\u00e7aises telles que : fromage, saucisson, nougat, macaron, confiture, etc.. Si vous planifiez un march\u00e9 gourmet ou \u00e0 th\u00e8me dans votre ville n\u2019h\u00e9sitez pas \u00e0 nous contacter. Notre stand&nbsp; \u00ab\u00a0La Pestaque\u00a0\u00bb et nos fameuses merguez seront un enrichissement pour votre march\u00e9 !<\/p>\n","protected":false},"author":5,"featured_media":0,"parent":0,"menu_order":0,"comment_status":"closed","ping_status":"closed","template":"","meta":{"footnotes":""},"class_list":["post-393","page","type-page","status-publish","hentry"],"translation":{"provider":"WPGlobus","version":"3.0.2","language":"fr","enabled_languages":["de","fr"],"languages":{"de":{"title":true,"content":true,"excerpt":false},"fr":{"title":true,"content":true,"excerpt":false}}},"acf":[],"_links":{"self":[{"href":"https:\/\/www.lapestaque.com\/fr\/wp-json\/wp\/v2\/pages\/393","targetHints":{"allow":["GET"]}}],"collection":[{"href":"https:\/\/www.lapestaque.com\/fr\/wp-json\/wp\/v2\/pages"}],"about":[{"href":"https:\/\/www.lapestaque.com\/fr\/wp-json\/wp\/v2\/types\/page"}],"author":[{"embeddable":true,"href":"https:\/\/www.lapestaque.com\/fr\/wp-json\/wp\/v2\/users\/5"}],"replies":[{"embeddable":true,"href":"https:\/\/www.lapestaque.com\/fr\/wp-json\/wp\/v2\/comments?post=393"}],"version-history":[{"count":24,"href":"https:\/\/www.lapestaque.com\/fr\/wp-json\/wp\/v2\/pages\/393\/revisions"}],"predecessor-version":[{"id":2098,"href":"https:\/\/www.lapestaque.com\/fr\/wp-json\/wp\/v2\/pages\/393\/revisions\/2098"}],"wp:attachment":[{"href":"https:\/\/www.lapestaque.com\/fr\/wp-json\/wp\/v2\/media?parent=393"}],"curies":[{"name":"wp","href":"https:\/\/api.w.org\/{rel}","templated":true}]}}