{"id":1509,"date":"2022-11-03T22:54:42","date_gmt":"2022-11-03T21:54:42","guid":{"rendered":"https:\/\/www.lapestaque.com\/?page_id=1509"},"modified":"2023-06-29T13:29:45","modified_gmt":"2023-06-29T11:29:45","slug":"home","status":"publish","type":"page","link":"https:\/\/www.lapestaque.com\/fr\/","title":{"rendered":"Home"},"content":{"rendered":"\n<p class=\"has-text-align-center\"><br>Nous sommes heureux de vous annoncer :<\/p>\n\n\n\n<p class=\"has-text-align-center\" style=\"font-size:25px\"><strong>l&rsquo;ouverture de notre magasin de D\u00fcren  le 10.03.2022<\/strong><\/p>\n\n\n\n<p class=\"has-text-align-center\"><em>\u00ab\u00a0\u00c9picerie fine de produits alimentaires fran\u00e7ais et d\u00e9gustations de vins\u00a0\u00bb<\/em><\/p>\n\n\n\n<div style=\"height:30px\" aria-hidden=\"true\" class=\"wp-block-spacer\"><\/div>\n\n\n\n<figure class=\"wp-block-gallery has-nested-images columns-default is-cropped wp-block-gallery-1 is-layout-flex wp-block-gallery-is-layout-flex\">\n<figure class=\"wp-block-image size-large\"><img loading=\"lazy\" decoding=\"async\" width=\"1024\" height=\"768\" data-id=\"1955\" src=\"https:\/\/www.lapestaque.com\/wp-content\/uploads\/2023\/05\/Ladeneingang-1024x768.jpeg\" alt=\"\" class=\"wp-image-1955\" srcset=\"https:\/\/www.lapestaque.com\/wp-content\/uploads\/2023\/05\/Ladeneingang-1024x768.jpeg 1024w, https:\/\/www.lapestaque.com\/wp-content\/uploads\/2023\/05\/Ladeneingang-300x225.jpeg 300w, https:\/\/www.lapestaque.com\/wp-content\/uploads\/2023\/05\/Ladeneingang-768x576.jpeg 768w, https:\/\/www.lapestaque.com\/wp-content\/uploads\/2023\/05\/Ladeneingang-1536x1153.jpeg 1536w, https:\/\/www.lapestaque.com\/wp-content\/uploads\/2023\/05\/Ladeneingang-1140x856.jpeg 1140w, https:\/\/www.lapestaque.com\/wp-content\/uploads\/2023\/05\/Ladeneingang.jpeg 1599w\" sizes=\"auto, (max-width: 1024px) 100vw, 1024px\" \/><\/figure>\n\n\n\n<figure class=\"wp-block-image size-large\"><img loading=\"lazy\" decoding=\"async\" width=\"768\" height=\"1024\" data-id=\"2067\" src=\"https:\/\/www.lapestaque.com\/wp-content\/uploads\/2023\/06\/Georges-et-Katarina.jpeg\" alt=\"\" class=\"wp-image-2067\" srcset=\"https:\/\/www.lapestaque.com\/wp-content\/uploads\/2023\/06\/Georges-et-Katarina.jpeg 768w, https:\/\/www.lapestaque.com\/wp-content\/uploads\/2023\/06\/Georges-et-Katarina-225x300.jpeg 225w\" sizes=\"auto, (max-width: 768px) 100vw, 768px\" \/><\/figure>\n\n\n\n<figure class=\"wp-block-image size-large\"><img loading=\"lazy\" decoding=\"async\" width=\"1024\" height=\"768\" data-id=\"1908\" src=\"https:\/\/www.lapestaque.com\/wp-content\/uploads\/2022\/03\/20230403_105058-1024x768.jpg\" alt=\"\" class=\"wp-image-1908\" srcset=\"https:\/\/www.lapestaque.com\/wp-content\/uploads\/2022\/03\/20230403_105058-1024x768.jpg 1024w, https:\/\/www.lapestaque.com\/wp-content\/uploads\/2022\/03\/20230403_105058-300x225.jpg 300w, https:\/\/www.lapestaque.com\/wp-content\/uploads\/2022\/03\/20230403_105058-768x576.jpg 768w, https:\/\/www.lapestaque.com\/wp-content\/uploads\/2022\/03\/20230403_105058-1536x1152.jpg 1536w, https:\/\/www.lapestaque.com\/wp-content\/uploads\/2022\/03\/20230403_105058-2048x1536.jpg 2048w, https:\/\/www.lapestaque.com\/wp-content\/uploads\/2022\/03\/20230403_105058-1140x855.jpg 1140w\" sizes=\"auto, (max-width: 1024px) 100vw, 1024px\" \/><\/figure>\n<\/figure>\n\n\n\n<div style=\"height:70px\" aria-hidden=\"true\" class=\"wp-block-spacer\"><\/div>\n\n\n\n<p>Retrouvez-nous \u00e0 notre adresse : <strong>Oberstr. 8 D-52349 D\u00fcren<\/strong>.<br>Nos horaires d&rsquo;ouverture sont disponibles sur notre page <a rel=\"noreferrer noopener\" href=\"https:\/\/goo.gl\/maps\/tGYzsyNBp7bGXjUL8\" target=\"_blank\">Google<\/a>.<\/p>\n\n\n\n<div style=\"height:20px\" aria-hidden=\"true\" class=\"wp-block-spacer\"><\/div>\n\n\n\n<p>Rendez-vous \u00e9galement sur les march\u00e9s fran\u00e7ais. Les prochaines dates seront annonc\u00e9es sur la page <a href=\"https:\/\/www.lapestaque.com\/fr\/veranstaltungen\/\">Manifestations<\/a>.<\/p>\n\n\n\n<div style=\"height:20px\" aria-hidden=\"true\" class=\"wp-block-spacer\"><\/div>\n\n\n\n<p>Vous pouvez aussi nous suivre sur les r\u00e9seaux sociaux <a rel=\"noreferrer noopener\" href=\"https:\/\/www.facebook.com\/LaPestaque\/\" target=\"_blank\">Facebook <\/a>ou <a rel=\"noreferrer noopener\" href=\"https:\/\/www.instagram.com\/lapestaque_georges_vidal\/\" target=\"_blank\">Instagram<\/a>.<\/p>\n","protected":false},"excerpt":{"rendered":"<p>Nous sommes heureux de vous annoncer : l&rsquo;ouverture de notre magasin de D\u00fcren le 10.03.2022 \u00ab\u00a0\u00c9picerie fine de produits alimentaires fran\u00e7ais et d\u00e9gustations de vins\u00a0\u00bb Retrouvez-nous \u00e0 notre adresse : Oberstr. 8 D-52349 D\u00fcren.Nos horaires d&rsquo;ouverture sont disponibles sur notre page Google. Rendez-vous \u00e9galement sur les march\u00e9s fran\u00e7ais. Les prochaines dates seront annonc\u00e9es sur la page Manifestations. Vous pouvez aussi nous suivre sur les r\u00e9seaux sociaux Facebook ou Instagram.<\/p>\n","protected":false},"author":5,"featured_media":0,"parent":0,"menu_order":0,"comment_status":"closed","ping_status":"closed","template":"","meta":{"footnotes":""},"class_list":["post-1509","page","type-page","status-publish","hentry"],"translation":{"provider":"WPGlobus","version":"3.0.2","language":"fr","enabled_languages":["de","fr"],"languages":{"de":{"title":true,"content":true,"excerpt":false},"fr":{"title":true,"content":true,"excerpt":false}}},"acf":[],"_links":{"self":[{"href":"https:\/\/www.lapestaque.com\/fr\/wp-json\/wp\/v2\/pages\/1509","targetHints":{"allow":["GET"]}}],"collection":[{"href":"https:\/\/www.lapestaque.com\/fr\/wp-json\/wp\/v2\/pages"}],"about":[{"href":"https:\/\/www.lapestaque.com\/fr\/wp-json\/wp\/v2\/types\/page"}],"author":[{"embeddable":true,"href":"https:\/\/www.lapestaque.com\/fr\/wp-json\/wp\/v2\/users\/5"}],"replies":[{"embeddable":true,"href":"https:\/\/www.lapestaque.com\/fr\/wp-json\/wp\/v2\/comments?post=1509"}],"version-history":[{"count":60,"href":"https:\/\/www.lapestaque.com\/fr\/wp-json\/wp\/v2\/pages\/1509\/revisions"}],"predecessor-version":[{"id":2102,"href":"https:\/\/www.lapestaque.com\/fr\/wp-json\/wp\/v2\/pages\/1509\/revisions\/2102"}],"wp:attachment":[{"href":"https:\/\/www.lapestaque.com\/fr\/wp-json\/wp\/v2\/media?parent=1509"}],"curies":[{"name":"wp","href":"https:\/\/api.w.org\/{rel}","templated":true}]}}